{"id":64,"date":"2023-07-14T15:02:37","date_gmt":"2023-07-14T18:02:37","guid":{"rendered":"https:\/\/ftnetgraficos.com.br\/?page_id=64"},"modified":"2023-07-18T17:59:05","modified_gmt":"2023-07-18T20:59:05","slug":"sobre","status":"publish","type":"page","link":"https:\/\/ftnetgraficos.com.br\/index.php\/sobre\/","title":{"rendered":"Sobre"},"content":{"rendered":"\t\t<div data-elementor-type=\"wp-page\" data-elementor-id=\"64\" class=\"elementor elementor-64\" data-elementor-post-type=\"page\">\n\t\t\t\t\t\t<section class=\"elementor-section elementor-top-section elementor-element elementor-element-da3abf9 elementor-section-boxed elementor-section-height-default elementor-section-height-default\" data-id=\"da3abf9\" data-element_type=\"section\">\n\t\t\t\t\t\t<div class=\"elementor-container elementor-column-gap-default\">\n\t\t\t\t\t<div class=\"elementor-column elementor-col-100 elementor-top-column elementor-element elementor-element-52f7f8b\" data-id=\"52f7f8b\" data-element_type=\"column\">\n\t\t\t<div class=\"elementor-widget-wrap elementor-element-populated\">\n\t\t\t\t\t\t<div class=\"elementor-element elementor-element-d892635 elementor-widget elementor-widget-heading\" data-id=\"d892635\" data-element_type=\"widget\" data-widget_type=\"heading.default\">\n\t\t\t\t<div class=\"elementor-widget-container\">\n\t\t\t\t\t<h2 class=\"elementor-heading-title elementor-size-default\">Conhe\u00e7a  Um Pouco Sobre N\u00f3s<\/h2>\t\t\t\t<\/div>\n\t\t\t\t<\/div>\n\t\t\t\t\t<\/div>\n\t\t<\/div>\n\t\t\t\t\t<\/div>\n\t\t<\/section>\n\t\t\t\t<section class=\"elementor-section elementor-top-section elementor-element elementor-element-7bed5ae elementor-section-boxed elementor-section-height-default elementor-section-height-default\" data-id=\"7bed5ae\" data-element_type=\"section\">\n\t\t\t\t\t\t<div class=\"elementor-container elementor-column-gap-default\">\n\t\t\t\t\t<div class=\"elementor-column elementor-col-100 elementor-top-column elementor-element elementor-element-c338bec\" data-id=\"c338bec\" data-element_type=\"column\">\n\t\t\t<div class=\"elementor-widget-wrap elementor-element-populated\">\n\t\t\t\t\t\t<div class=\"elementor-element elementor-element-d84a76e elementor-widget elementor-widget-text-editor\" data-id=\"d84a76e\" data-element_type=\"widget\" data-widget_type=\"text-editor.default\">\n\t\t\t\t<div class=\"elementor-widget-container\">\n\t\t\t\t\t\t\t\t\t<p>FTNET Gr\u00e1ficos conectando Salo\u00e1 ao Mundo<\/p><p>\u00a0Somos um provedor de internet dedicado a levar o melhor da tecnologia aos lares e empresas da encantadora cidade de Salo\u00e1 e regi\u00e3o.<\/p><p>Nossa miss\u00e3o \u00e9 transformar a forma como as pessoas vivem, trabalham e se divertem, por meio de uma conex\u00e3o r\u00e1pida, est\u00e1vel e confi\u00e1vel. Investimos em infraestrutura de ponta e colaboradores capacitados para oferecer uma experi\u00eancia \u00fanica aos nossos clientes.<\/p><p>Acreditamos que a internet \u00e9 uma ferramenta poderosa que pode promover o crescimento econ\u00f4mico, encurtar dist\u00e2ncias e fortalecer la\u00e7os sociais. Por isso, buscamos sempre estar na vanguarda da tecnologia, oferecendo planos e servi\u00e7os que atendam \u00e0s necessidades de todos, desde fam\u00edlias que buscam entretenimento online at\u00e9 empresas que precisam de alta performance em suas opera\u00e7\u00f5es.<\/p><p>Al\u00e9m disso, nosso compromisso com a excel\u00eancia no atendimento faz com que cada cliente seja tratado com respeito, agilidade e cordialidade. Estamos sempre prontos para auxiliar e solucionar qualquer quest\u00e3o que surja, garantindo a satisfa\u00e7\u00e3o plena de nossos usu\u00e1rios.<\/p><p>Se voc\u00ea procura uma internet de qualidade, com suporte dedicado e pre\u00e7os justos, n\u00e3o precisa procurar mais. FTNET Gr\u00e1ficos est\u00e1 aqui para conectar voc\u00ea ao mundo, proporcionando uma experi\u00eancia digital sem igual.<\/p><p>Junte-se a n\u00f3s e descubra como \u00e9 navegar com a FTNET Gr\u00e1ficos. Estamos ansiosos para transformar sua forma de se comunicar e viver na era da informa\u00e7\u00e3o<\/p>\t\t\t\t\t\t\t\t<\/div>\n\t\t\t\t<\/div>\n\t\t\t\t\t<\/div>\n\t\t<\/div>\n\t\t\t\t\t<\/div>\n\t\t<\/section>\n\t\t\t\t<section class=\"elementor-section elementor-top-section elementor-element elementor-element-9e5b8de elementor-section-boxed elementor-section-height-default elementor-section-height-default\" data-id=\"9e5b8de\" data-element_type=\"section\">\n\t\t\t\t\t\t<div class=\"elementor-container elementor-column-gap-default\">\n\t\t\t\t\t<div class=\"elementor-column elementor-col-100 elementor-top-column elementor-element elementor-element-38346cf\" data-id=\"38346cf\" data-element_type=\"column\">\n\t\t\t<div class=\"elementor-widget-wrap elementor-element-populated\">\n\t\t\t\t\t\t<div class=\"elementor-element elementor-element-b5e0b83 elementor-widget elementor-widget-image-gallery\" data-id=\"b5e0b83\" data-element_type=\"widget\" data-widget_type=\"image-gallery.default\">\n\t\t\t\t<div class=\"elementor-widget-container\">\n\t\t\t\t\t\t\t<div class=\"elementor-image-gallery\">\n\t\t\t<div id='gallery-1' class='gallery galleryid-64 gallery-columns-4 gallery-size-thumbnail'><figure class='gallery-item'>\n\t\t\t<div class='gallery-icon landscape'>\n\t\t\t\t<a data-elementor-open-lightbox=\"yes\" data-elementor-lightbox-slideshow=\"b5e0b83\" data-elementor-lightbox-title=\"imagem default\" data-e-action-hash=\"#elementor-action%3Aaction%3Dlightbox%26settings%3DeyJpZCI6NDcwLCJ1cmwiOiJodHRwczpcL1wvZnRuZXRncmFmaWNvcy5jb20uYnJcL3dwLWNvbnRlbnRcL3VwbG9hZHNcLzIwMjNcLzA3XC9pbWFnZW0tZGVmYXVsdC05LnBuZyIsInNsaWRlc2hvdyI6ImI1ZTBiODMifQ%3D%3D\" href='https:\/\/ftnetgraficos.com.br\/wp-content\/uploads\/2023\/07\/imagem-default-9.png'><img decoding=\"async\" width=\"150\" height=\"150\" src=\"https:\/\/ftnetgraficos.com.br\/wp-content\/uploads\/2023\/07\/imagem-default-9-150x150.png\" class=\"attachment-thumbnail size-thumbnail\" alt=\"\" srcset=\"https:\/\/ftnetgraficos.com.br\/wp-content\/uploads\/2023\/07\/imagem-default-9-150x150.png 150w, https:\/\/ftnetgraficos.com.br\/wp-content\/uploads\/2023\/07\/imagem-default-9-300x300.png 300w, https:\/\/ftnetgraficos.com.br\/wp-content\/uploads\/2023\/07\/imagem-default-9-100x100.png 100w, https:\/\/ftnetgraficos.com.br\/wp-content\/uploads\/2023\/07\/imagem-default-9.png 320w\" sizes=\"(max-width: 150px) 100vw, 150px\" \/><\/a>\n\t\t\t<\/div><\/figure><figure class='gallery-item'>\n\t\t\t<div class='gallery-icon landscape'>\n\t\t\t\t<a data-elementor-open-lightbox=\"yes\" data-elementor-lightbox-slideshow=\"b5e0b83\" data-elementor-lightbox-title=\"imagem default\" data-e-action-hash=\"#elementor-action%3Aaction%3Dlightbox%26settings%3DeyJpZCI6NDY5LCJ1cmwiOiJodHRwczpcL1wvZnRuZXRncmFmaWNvcy5jb20uYnJcL3dwLWNvbnRlbnRcL3VwbG9hZHNcLzIwMjNcLzA3XC9pbWFnZW0tZGVmYXVsdC04LnBuZyIsInNsaWRlc2hvdyI6ImI1ZTBiODMifQ%3D%3D\" href='https:\/\/ftnetgraficos.com.br\/wp-content\/uploads\/2023\/07\/imagem-default-8.png'><img decoding=\"async\" width=\"150\" height=\"150\" src=\"https:\/\/ftnetgraficos.com.br\/wp-content\/uploads\/2023\/07\/imagem-default-8-150x150.png\" class=\"attachment-thumbnail size-thumbnail\" alt=\"\" srcset=\"https:\/\/ftnetgraficos.com.br\/wp-content\/uploads\/2023\/07\/imagem-default-8-150x150.png 150w, https:\/\/ftnetgraficos.com.br\/wp-content\/uploads\/2023\/07\/imagem-default-8-300x300.png 300w, https:\/\/ftnetgraficos.com.br\/wp-content\/uploads\/2023\/07\/imagem-default-8-100x100.png 100w, https:\/\/ftnetgraficos.com.br\/wp-content\/uploads\/2023\/07\/imagem-default-8.png 320w\" sizes=\"(max-width: 150px) 100vw, 150px\" \/><\/a>\n\t\t\t<\/div><\/figure><figure class='gallery-item'>\n\t\t\t<div class='gallery-icon landscape'>\n\t\t\t\t<a data-elementor-open-lightbox=\"yes\" data-elementor-lightbox-slideshow=\"b5e0b83\" data-elementor-lightbox-title=\"imagem default\" data-e-action-hash=\"#elementor-action%3Aaction%3Dlightbox%26settings%3DeyJpZCI6NDY4LCJ1cmwiOiJodHRwczpcL1wvZnRuZXRncmFmaWNvcy5jb20uYnJcL3dwLWNvbnRlbnRcL3VwbG9hZHNcLzIwMjNcLzA3XC9pbWFnZW0tZGVmYXVsdC03LnBuZyIsInNsaWRlc2hvdyI6ImI1ZTBiODMifQ%3D%3D\" href='https:\/\/ftnetgraficos.com.br\/wp-content\/uploads\/2023\/07\/imagem-default-7.png'><img decoding=\"async\" width=\"150\" height=\"150\" src=\"https:\/\/ftnetgraficos.com.br\/wp-content\/uploads\/2023\/07\/imagem-default-7-150x150.png\" class=\"attachment-thumbnail size-thumbnail\" alt=\"\" srcset=\"https:\/\/ftnetgraficos.com.br\/wp-content\/uploads\/2023\/07\/imagem-default-7-150x150.png 150w, https:\/\/ftnetgraficos.com.br\/wp-content\/uploads\/2023\/07\/imagem-default-7-300x300.png 300w, https:\/\/ftnetgraficos.com.br\/wp-content\/uploads\/2023\/07\/imagem-default-7-100x100.png 100w, https:\/\/ftnetgraficos.com.br\/wp-content\/uploads\/2023\/07\/imagem-default-7.png 320w\" sizes=\"(max-width: 150px) 100vw, 150px\" \/><\/a>\n\t\t\t<\/div><\/figure><figure class='gallery-item'>\n\t\t\t<div class='gallery-icon landscape'>\n\t\t\t\t<a data-elementor-open-lightbox=\"yes\" data-elementor-lightbox-slideshow=\"b5e0b83\" data-elementor-lightbox-title=\"imagem default\" data-e-action-hash=\"#elementor-action%3Aaction%3Dlightbox%26settings%3DeyJpZCI6NDY3LCJ1cmwiOiJodHRwczpcL1wvZnRuZXRncmFmaWNvcy5jb20uYnJcL3dwLWNvbnRlbnRcL3VwbG9hZHNcLzIwMjNcLzA3XC9pbWFnZW0tZGVmYXVsdC02LnBuZyIsInNsaWRlc2hvdyI6ImI1ZTBiODMifQ%3D%3D\" href='https:\/\/ftnetgraficos.com.br\/wp-content\/uploads\/2023\/07\/imagem-default-6.png'><img loading=\"lazy\" decoding=\"async\" width=\"150\" height=\"150\" src=\"https:\/\/ftnetgraficos.com.br\/wp-content\/uploads\/2023\/07\/imagem-default-6-150x150.png\" class=\"attachment-thumbnail size-thumbnail\" alt=\"\" srcset=\"https:\/\/ftnetgraficos.com.br\/wp-content\/uploads\/2023\/07\/imagem-default-6-150x150.png 150w, https:\/\/ftnetgraficos.com.br\/wp-content\/uploads\/2023\/07\/imagem-default-6-300x300.png 300w, https:\/\/ftnetgraficos.com.br\/wp-content\/uploads\/2023\/07\/imagem-default-6-100x100.png 100w, https:\/\/ftnetgraficos.com.br\/wp-content\/uploads\/2023\/07\/imagem-default-6.png 320w\" sizes=\"(max-width: 150px) 100vw, 150px\" \/><\/a>\n\t\t\t<\/div><\/figure><figure class='gallery-item'>\n\t\t\t<div class='gallery-icon landscape'>\n\t\t\t\t<a data-elementor-open-lightbox=\"yes\" data-elementor-lightbox-slideshow=\"b5e0b83\" data-elementor-lightbox-title=\"imagem default\" data-e-action-hash=\"#elementor-action%3Aaction%3Dlightbox%26settings%3DeyJpZCI6NDY2LCJ1cmwiOiJodHRwczpcL1wvZnRuZXRncmFmaWNvcy5jb20uYnJcL3dwLWNvbnRlbnRcL3VwbG9hZHNcLzIwMjNcLzA3XC9pbWFnZW0tZGVmYXVsdC01LnBuZyIsInNsaWRlc2hvdyI6ImI1ZTBiODMifQ%3D%3D\" href='https:\/\/ftnetgraficos.com.br\/wp-content\/uploads\/2023\/07\/imagem-default-5.png'><img loading=\"lazy\" decoding=\"async\" width=\"150\" height=\"150\" src=\"https:\/\/ftnetgraficos.com.br\/wp-content\/uploads\/2023\/07\/imagem-default-5-150x150.png\" class=\"attachment-thumbnail size-thumbnail\" alt=\"\" srcset=\"https:\/\/ftnetgraficos.com.br\/wp-content\/uploads\/2023\/07\/imagem-default-5-150x150.png 150w, https:\/\/ftnetgraficos.com.br\/wp-content\/uploads\/2023\/07\/imagem-default-5-300x300.png 300w, https:\/\/ftnetgraficos.com.br\/wp-content\/uploads\/2023\/07\/imagem-default-5-100x100.png 100w, https:\/\/ftnetgraficos.com.br\/wp-content\/uploads\/2023\/07\/imagem-default-5.png 320w\" sizes=\"(max-width: 150px) 100vw, 150px\" \/><\/a>\n\t\t\t<\/div><\/figure><figure class='gallery-item'>\n\t\t\t<div class='gallery-icon landscape'>\n\t\t\t\t<a data-elementor-open-lightbox=\"yes\" data-elementor-lightbox-slideshow=\"b5e0b83\" data-elementor-lightbox-title=\"imagem default\" data-e-action-hash=\"#elementor-action%3Aaction%3Dlightbox%26settings%3DeyJpZCI6NDY1LCJ1cmwiOiJodHRwczpcL1wvZnRuZXRncmFmaWNvcy5jb20uYnJcL3dwLWNvbnRlbnRcL3VwbG9hZHNcLzIwMjNcLzA3XC9pbWFnZW0tZGVmYXVsdC00LnBuZyIsInNsaWRlc2hvdyI6ImI1ZTBiODMifQ%3D%3D\" href='https:\/\/ftnetgraficos.com.br\/wp-content\/uploads\/2023\/07\/imagem-default-4.png'><img loading=\"lazy\" decoding=\"async\" width=\"150\" height=\"150\" src=\"https:\/\/ftnetgraficos.com.br\/wp-content\/uploads\/2023\/07\/imagem-default-4-150x150.png\" class=\"attachment-thumbnail size-thumbnail\" alt=\"\" srcset=\"https:\/\/ftnetgraficos.com.br\/wp-content\/uploads\/2023\/07\/imagem-default-4-150x150.png 150w, https:\/\/ftnetgraficos.com.br\/wp-content\/uploads\/2023\/07\/imagem-default-4-300x300.png 300w, https:\/\/ftnetgraficos.com.br\/wp-content\/uploads\/2023\/07\/imagem-default-4-100x100.png 100w, https:\/\/ftnetgraficos.com.br\/wp-content\/uploads\/2023\/07\/imagem-default-4.png 320w\" sizes=\"(max-width: 150px) 100vw, 150px\" \/><\/a>\n\t\t\t<\/div><\/figure><figure class='gallery-item'>\n\t\t\t<div class='gallery-icon landscape'>\n\t\t\t\t<a data-elementor-open-lightbox=\"yes\" data-elementor-lightbox-slideshow=\"b5e0b83\" data-elementor-lightbox-title=\"imagem default\" data-e-action-hash=\"#elementor-action%3Aaction%3Dlightbox%26settings%3DeyJpZCI6NDY0LCJ1cmwiOiJodHRwczpcL1wvZnRuZXRncmFmaWNvcy5jb20uYnJcL3dwLWNvbnRlbnRcL3VwbG9hZHNcLzIwMjNcLzA3XC9pbWFnZW0tZGVmYXVsdC0zLnBuZyIsInNsaWRlc2hvdyI6ImI1ZTBiODMifQ%3D%3D\" href='https:\/\/ftnetgraficos.com.br\/wp-content\/uploads\/2023\/07\/imagem-default-3.png'><img loading=\"lazy\" decoding=\"async\" width=\"150\" height=\"150\" src=\"https:\/\/ftnetgraficos.com.br\/wp-content\/uploads\/2023\/07\/imagem-default-3-150x150.png\" class=\"attachment-thumbnail size-thumbnail\" alt=\"\" srcset=\"https:\/\/ftnetgraficos.com.br\/wp-content\/uploads\/2023\/07\/imagem-default-3-150x150.png 150w, https:\/\/ftnetgraficos.com.br\/wp-content\/uploads\/2023\/07\/imagem-default-3-300x300.png 300w, https:\/\/ftnetgraficos.com.br\/wp-content\/uploads\/2023\/07\/imagem-default-3-100x100.png 100w, https:\/\/ftnetgraficos.com.br\/wp-content\/uploads\/2023\/07\/imagem-default-3.png 320w\" sizes=\"(max-width: 150px) 100vw, 150px\" \/><\/a>\n\t\t\t<\/div><\/figure><figure class='gallery-item'>\n\t\t\t<div class='gallery-icon landscape'>\n\t\t\t\t<a data-elementor-open-lightbox=\"yes\" data-elementor-lightbox-slideshow=\"b5e0b83\" data-elementor-lightbox-title=\"imagem default\" data-e-action-hash=\"#elementor-action%3Aaction%3Dlightbox%26settings%3DeyJpZCI6NDYzLCJ1cmwiOiJodHRwczpcL1wvZnRuZXRncmFmaWNvcy5jb20uYnJcL3dwLWNvbnRlbnRcL3VwbG9hZHNcLzIwMjNcLzA3XC9pbWFnZW0tZGVmYXVsdC0yLnBuZyIsInNsaWRlc2hvdyI6ImI1ZTBiODMifQ%3D%3D\" href='https:\/\/ftnetgraficos.com.br\/wp-content\/uploads\/2023\/07\/imagem-default-2.png'><img loading=\"lazy\" decoding=\"async\" width=\"150\" height=\"150\" src=\"https:\/\/ftnetgraficos.com.br\/wp-content\/uploads\/2023\/07\/imagem-default-2-150x150.png\" class=\"attachment-thumbnail size-thumbnail\" alt=\"\" srcset=\"https:\/\/ftnetgraficos.com.br\/wp-content\/uploads\/2023\/07\/imagem-default-2-150x150.png 150w, https:\/\/ftnetgraficos.com.br\/wp-content\/uploads\/2023\/07\/imagem-default-2-300x300.png 300w, https:\/\/ftnetgraficos.com.br\/wp-content\/uploads\/2023\/07\/imagem-default-2-100x100.png 100w, https:\/\/ftnetgraficos.com.br\/wp-content\/uploads\/2023\/07\/imagem-default-2.png 320w\" sizes=\"(max-width: 150px) 100vw, 150px\" \/><\/a>\n\t\t\t<\/div><\/figure><figure class='gallery-item'>\n\t\t\t<div class='gallery-icon landscape'>\n\t\t\t\t<a data-elementor-open-lightbox=\"yes\" data-elementor-lightbox-slideshow=\"b5e0b83\" data-elementor-lightbox-title=\"imagem default\" data-e-action-hash=\"#elementor-action%3Aaction%3Dlightbox%26settings%3DeyJpZCI6NDYyLCJ1cmwiOiJodHRwczpcL1wvZnRuZXRncmFmaWNvcy5jb20uYnJcL3dwLWNvbnRlbnRcL3VwbG9hZHNcLzIwMjNcLzA3XC9pbWFnZW0tZGVmYXVsdC0xLnBuZyIsInNsaWRlc2hvdyI6ImI1ZTBiODMifQ%3D%3D\" href='https:\/\/ftnetgraficos.com.br\/wp-content\/uploads\/2023\/07\/imagem-default-1.png'><img loading=\"lazy\" decoding=\"async\" width=\"150\" height=\"150\" src=\"https:\/\/ftnetgraficos.com.br\/wp-content\/uploads\/2023\/07\/imagem-default-1-150x150.png\" class=\"attachment-thumbnail size-thumbnail\" alt=\"\" srcset=\"https:\/\/ftnetgraficos.com.br\/wp-content\/uploads\/2023\/07\/imagem-default-1-150x150.png 150w, https:\/\/ftnetgraficos.com.br\/wp-content\/uploads\/2023\/07\/imagem-default-1-300x300.png 300w, https:\/\/ftnetgraficos.com.br\/wp-content\/uploads\/2023\/07\/imagem-default-1-100x100.png 100w, https:\/\/ftnetgraficos.com.br\/wp-content\/uploads\/2023\/07\/imagem-default-1.png 320w\" sizes=\"(max-width: 150px) 100vw, 150px\" \/><\/a>\n\t\t\t<\/div><\/figure><figure class='gallery-item'>\n\t\t\t<div class='gallery-icon landscape'>\n\t\t\t\t<a data-elementor-open-lightbox=\"yes\" data-elementor-lightbox-slideshow=\"b5e0b83\" data-elementor-lightbox-title=\"imagem default\" data-e-action-hash=\"#elementor-action%3Aaction%3Dlightbox%26settings%3DeyJpZCI6NDYxLCJ1cmwiOiJodHRwczpcL1wvZnRuZXRncmFmaWNvcy5jb20uYnJcL3dwLWNvbnRlbnRcL3VwbG9hZHNcLzIwMjNcLzA3XC9pbWFnZW0tZGVmYXVsdC5wbmciLCJzbGlkZXNob3ciOiJiNWUwYjgzIn0%3D\" href='https:\/\/ftnetgraficos.com.br\/wp-content\/uploads\/2023\/07\/imagem-default.png'><img loading=\"lazy\" decoding=\"async\" width=\"150\" height=\"150\" src=\"https:\/\/ftnetgraficos.com.br\/wp-content\/uploads\/2023\/07\/imagem-default-150x150.png\" class=\"attachment-thumbnail size-thumbnail\" alt=\"\" srcset=\"https:\/\/ftnetgraficos.com.br\/wp-content\/uploads\/2023\/07\/imagem-default-150x150.png 150w, https:\/\/ftnetgraficos.com.br\/wp-content\/uploads\/2023\/07\/imagem-default-300x300.png 300w, https:\/\/ftnetgraficos.com.br\/wp-content\/uploads\/2023\/07\/imagem-default-100x100.png 100w, https:\/\/ftnetgraficos.com.br\/wp-content\/uploads\/2023\/07\/imagem-default.png 320w\" sizes=\"(max-width: 150px) 100vw, 150px\" \/><\/a>\n\t\t\t<\/div><\/figure><figure class='gallery-item'>\n\t\t\t<div class='gallery-icon landscape'>\n\t\t\t\t<a data-elementor-open-lightbox=\"yes\" data-elementor-lightbox-slideshow=\"b5e0b83\" data-elementor-lightbox-title=\"woocommerce-placeholder\" data-e-action-hash=\"#elementor-action%3Aaction%3Dlightbox%26settings%3DeyJpZCI6NCwidXJsIjoiaHR0cHM6XC9cL2Z0bmV0Z3JhZmljb3MuY29tLmJyXC93cC1jb250ZW50XC91cGxvYWRzXC93b29jb21tZXJjZS1wbGFjZWhvbGRlci5wbmciLCJzbGlkZXNob3ciOiJiNWUwYjgzIn0%3D\" href='https:\/\/ftnetgraficos.com.br\/wp-content\/uploads\/woocommerce-placeholder.png'><img loading=\"lazy\" decoding=\"async\" width=\"150\" height=\"150\" src=\"https:\/\/ftnetgraficos.com.br\/wp-content\/uploads\/woocommerce-placeholder-150x150.png\" class=\"attachment-thumbnail size-thumbnail\" alt=\"\" srcset=\"https:\/\/ftnetgraficos.com.br\/wp-content\/uploads\/woocommerce-placeholder-150x150.png 150w, https:\/\/ftnetgraficos.com.br\/wp-content\/uploads\/woocommerce-placeholder-300x300.png 300w, https:\/\/ftnetgraficos.com.br\/wp-content\/uploads\/woocommerce-placeholder-100x100.png 100w, https:\/\/ftnetgraficos.com.br\/wp-content\/uploads\/woocommerce-placeholder-600x600.png 600w, https:\/\/ftnetgraficos.com.br\/wp-content\/uploads\/woocommerce-placeholder-1024x1024.png 1024w, https:\/\/ftnetgraficos.com.br\/wp-content\/uploads\/woocommerce-placeholder-768x768.png 768w, https:\/\/ftnetgraficos.com.br\/wp-content\/uploads\/woocommerce-placeholder.png 1200w\" sizes=\"(max-width: 150px) 100vw, 150px\" \/><\/a>\n\t\t\t<\/div><\/figure><figure class='gallery-item'>\n\t\t\t<div class='gallery-icon landscape'>\n\t\t\t\t<a data-elementor-open-lightbox=\"yes\" data-elementor-lightbox-slideshow=\"b5e0b83\" data-elementor-lightbox-title=\"imagem default\" data-e-action-hash=\"#elementor-action%3Aaction%3Dlightbox%26settings%3DeyJpZCI6NTM5LCJ1cmwiOiJodHRwczpcL1wvZnRuZXRncmFmaWNvcy5jb20uYnJcL3dwLWNvbnRlbnRcL3VwbG9hZHNcLzIwMjNcLzA3XC9pbWFnZW0tZGVmYXVsdC0xMC5wbmciLCJzbGlkZXNob3ciOiJiNWUwYjgzIn0%3D\" href='https:\/\/ftnetgraficos.com.br\/wp-content\/uploads\/2023\/07\/imagem-default-10.png'><img loading=\"lazy\" decoding=\"async\" width=\"150\" height=\"150\" src=\"https:\/\/ftnetgraficos.com.br\/wp-content\/uploads\/2023\/07\/imagem-default-10-150x150.png\" class=\"attachment-thumbnail size-thumbnail\" alt=\"\" srcset=\"https:\/\/ftnetgraficos.com.br\/wp-content\/uploads\/2023\/07\/imagem-default-10-150x150.png 150w, https:\/\/ftnetgraficos.com.br\/wp-content\/uploads\/2023\/07\/imagem-default-10-300x300.png 300w, https:\/\/ftnetgraficos.com.br\/wp-content\/uploads\/2023\/07\/imagem-default-10-100x100.png 100w, https:\/\/ftnetgraficos.com.br\/wp-content\/uploads\/2023\/07\/imagem-default-10.png 320w\" sizes=\"(max-width: 150px) 100vw, 150px\" \/><\/a>\n\t\t\t<\/div><\/figure>\n\t\t<\/div>\n\t\t<\/div>\n\t\t\t\t\t\t<\/div>\n\t\t\t\t<\/div>\n\t\t\t\t\t<\/div>\n\t\t<\/div>\n\t\t\t\t\t<\/div>\n\t\t<\/section>\n\t\t\t\t<\/div>\n\t\t","protected":false},"excerpt":{"rendered":"<p>Conhe\u00e7a Um Pouco Sobre N\u00f3s FTNET Gr\u00e1ficos conectando Salo\u00e1 ao Mundo \u00a0Somos um provedor de internet dedicado a levar o melhor da tecnologia aos lares e empresas da encantadora cidade de Salo\u00e1 e regi\u00e3o. Nossa miss\u00e3o \u00e9 transformar a forma como as pessoas vivem, trabalham e se divertem, por meio de uma conex\u00e3o r\u00e1pida, est\u00e1vel [&hellip;]<\/p>\n","protected":false},"author":1,"featured_media":0,"parent":0,"menu_order":0,"comment_status":"closed","ping_status":"closed","template":"elementor_header_footer","meta":{"om_disable_all_campaigns":false,"_monsterinsights_skip_tracking":false,"_monsterinsights_sitenote_active":false,"_monsterinsights_sitenote_note":"","_monsterinsights_sitenote_category":0,"_joinchat":[],"footnotes":""},"class_list":["post-64","page","type-page","status-publish","hentry"],"aioseo_notices":[],"_links":{"self":[{"href":"https:\/\/ftnetgraficos.com.br\/index.php\/wp-json\/wp\/v2\/pages\/64","targetHints":{"allow":["GET"]}}],"collection":[{"href":"https:\/\/ftnetgraficos.com.br\/index.php\/wp-json\/wp\/v2\/pages"}],"about":[{"href":"https:\/\/ftnetgraficos.com.br\/index.php\/wp-json\/wp\/v2\/types\/page"}],"author":[{"embeddable":true,"href":"https:\/\/ftnetgraficos.com.br\/index.php\/wp-json\/wp\/v2\/users\/1"}],"replies":[{"embeddable":true,"href":"https:\/\/ftnetgraficos.com.br\/index.php\/wp-json\/wp\/v2\/comments?post=64"}],"version-history":[{"count":16,"href":"https:\/\/ftnetgraficos.com.br\/index.php\/wp-json\/wp\/v2\/pages\/64\/revisions"}],"predecessor-version":[{"id":543,"href":"https:\/\/ftnetgraficos.com.br\/index.php\/wp-json\/wp\/v2\/pages\/64\/revisions\/543"}],"wp:attachment":[{"href":"https:\/\/ftnetgraficos.com.br\/index.php\/wp-json\/wp\/v2\/media?parent=64"}],"curies":[{"name":"wp","href":"https:\/\/api.w.org\/{rel}","templated":true}]}}